{"id":40,"date":"2026-02-21T14:57:52","date_gmt":"2026-02-21T11:57:52","guid":{"rendered":"https:\/\/spontanedigital.com.tr\/?page_id=40"},"modified":"2026-02-22T18:33:41","modified_gmt":"2026-02-22T15:33:41","slug":"iletisim","status":"publish","type":"page","link":"https:\/\/spontanedigital.com.tr\/?page_id=40","title":{"rendered":"\u0130leti\u015fim"},"content":{"rendered":"\n<h2 class=\"wp-block-heading has-huge-font-size\"><strong>\u0130leti\u015fim<\/strong><\/h2>\n\n\n<style id=\"wpforms-css-vars-343-block-e21533c1-010d-4140-9f31-be2d4f30f1b3\">\n\t\t\t\t#wpforms-343.wpforms-block-e21533c1-010d-4140-9f31-be2d4f30f1b3 {\n\t\t\t\t--wpforms-field-size-input-height: 43px;\n--wpforms-field-size-input-spacing: 15px;\n--wpforms-field-size-font-size: 16px;\n--wpforms-field-size-line-height: 19px;\n--wpforms-field-size-padding-h: 14px;\n--wpforms-field-size-checkbox-size: 16px;\n--wpforms-field-size-sublabel-spacing: 5px;\n--wpforms-field-size-icon-size: 1;\n--wpforms-label-size-font-size: 16px;\n--wpforms-label-size-line-height: 19px;\n--wpforms-label-size-sublabel-font-size: 14px;\n--wpforms-label-size-sublabel-line-height: 17px;\n--wpforms-button-size-font-size: 17px;\n--wpforms-button-size-height: 41px;\n--wpforms-button-size-padding-h: 15px;\n--wpforms-button-size-margin-top: 10px;\n\t\t\t}\n\t\t\t<\/style><div class=\"wpforms-container wpforms-container-full wpforms-block wpforms-block-e21533c1-010d-4140-9f31-be2d4f30f1b3 wpforms-render-modern\" id=\"wpforms-343\"><form id=\"wpforms-form-343\" class=\"wpforms-validate wpforms-form wpforms-ajax-form\" data-formid=\"343\" method=\"post\" enctype=\"multipart\/form-data\" action=\"\/index.php?rest_route=%2Fwp%2Fv2%2Fpages%2F40\" data-token=\"7afb0a451d18e10d02f4c2d84bc1cdd6\" data-token-time=\"1777590081\"><noscript class=\"wpforms-error-noscript\">Bu formu bitirebilmek i\u00e7in taray\u0131c\u0131n\u0131zda JavaScript&#039;i etkinle\u015ftirin.<\/noscript><div id=\"wpforms-error-noscript\" style=\"display: none;\">Bu formu bitirebilmek i\u00e7in taray\u0131c\u0131n\u0131zda JavaScript&#039;i etkinle\u015ftirin.<\/div><div class=\"wpforms-field-container\"><div id=\"wpforms-343-field_2-container\" class=\"wpforms-field wpforms-field-name\" data-field-id=\"2\"><fieldset><legend class=\"wpforms-field-label\">Ad\u0131 Soyad\u0131 <span class=\"wpforms-required-label\" aria-hidden=\"true\">*<\/span><\/legend><div class=\"wpforms-field-row wpforms-field-medium\"><div class=\"wpforms-field-row-block wpforms-first wpforms-one-half\"><input type=\"text\" id=\"wpforms-343-field_2\" class=\"wpforms-field-name-first wpforms-field-required\" name=\"wpforms[fields][2][first]\" aria-errormessage=\"wpforms-343-field_2-error\" required><label for=\"wpforms-343-field_2\" class=\"wpforms-field-sublabel after\">Ad<\/label><\/div><div class=\"wpforms-field-row-block wpforms-one-half\"><input type=\"text\" id=\"wpforms-343-field_2-last\" class=\"wpforms-field-name-last wpforms-field-required\" name=\"wpforms[fields][2][last]\" aria-errormessage=\"wpforms-343-field_2-last-error\" required><label for=\"wpforms-343-field_2-last\" class=\"wpforms-field-sublabel after\">Soyad<\/label><\/div><\/div><\/fieldset><\/div><div id=\"wpforms-343-field_3-container\" class=\"wpforms-field wpforms-field-email\" data-field-id=\"3\"><label class=\"wpforms-field-label\" for=\"wpforms-343-field_3\">E-posta <span class=\"wpforms-required-label\" aria-hidden=\"true\">*<\/span><\/label><input type=\"email\" id=\"wpforms-343-field_3\" class=\"wpforms-field-medium wpforms-field-required\" name=\"wpforms[fields][3]\" spellcheck=\"false\" aria-errormessage=\"wpforms-343-field_3-error\" required><\/div>\t\t<div id=\"wpforms-343-field_1-container\"\n\t\t\tclass=\"wpforms-field wpforms-field-text\"\n\t\t\tdata-field-type=\"text\"\n\t\t\tdata-field-id=\"1\"\n\t\t\t>\n\t\t\t<label class=\"wpforms-field-label\" for=\"wpforms-343-field_1\" >Ba\u015fl\u0131\u011f\u0131 E-posta Konu<\/label>\n\t\t\t<input type=\"text\" id=\"wpforms-343-field_1\" class=\"wpforms-field-medium\" name=\"wpforms[fields][1]\" >\n\t\t<\/div>\n\t\t<div id=\"wpforms-343-field_5-container\" class=\"wpforms-field wpforms-field-text\" data-field-id=\"5\"><label class=\"wpforms-field-label\" for=\"wpforms-343-field_5\">Konu Ba\u015fl\u0131\u011f\u0131<\/label><input type=\"text\" id=\"wpforms-343-field_5\" class=\"wpforms-field-medium\" name=\"wpforms[fields][5]\" aria-errormessage=\"wpforms-343-field_5-error\" ><\/div><div id=\"wpforms-343-field_6-container\" class=\"wpforms-field wpforms-field-textarea\" data-field-id=\"6\"><label class=\"wpforms-field-label\" for=\"wpforms-343-field_6\">Mesaj\u0131n\u0131z<\/label><textarea id=\"wpforms-343-field_6\" class=\"wpforms-field-medium\" name=\"wpforms[fields][6]\" aria-errormessage=\"wpforms-343-field_6-error\" ><\/textarea><\/div><script>\n\t\t\t\t( function() {\n\t\t\t\t\tconst style = document.createElement( 'style' );\n\t\t\t\t\tstyle.appendChild( document.createTextNode( '#wpforms-343-field_1-container { position: absolute !important; overflow: hidden !important; display: inline !important; height: 1px !important; width: 1px !important; z-index: -1000 !important; padding: 0 !important; } #wpforms-343-field_1-container input { visibility: hidden; } #wpforms-conversational-form-page #wpforms-343-field_1-container label { counter-increment: none; }' ) );\n\t\t\t\t\tdocument.head.appendChild( style );\n\t\t\t\t\tdocument.currentScript?.remove();\n\t\t\t\t} )();\n\t\t\t<\/script><\/div><!-- .wpforms-field-container --><div class=\"wpforms-submit-container\" ><input type=\"hidden\" name=\"wpforms[id]\" value=\"343\"><input type=\"hidden\" name=\"page_title\" value=\"\"><input type=\"hidden\" name=\"page_url\" value=\"https:\/\/spontanedigital.com.tr\/index.php?rest_route=\/wp\/v2\/pages\/40\"><input type=\"hidden\" name=\"url_referer\" value=\"\"><button type=\"submit\" name=\"wpforms[submit]\" id=\"wpforms-submit-343\" class=\"wpforms-submit\" data-alt-text=\"G\u00f6nderiliyor...\" data-submit-text=\"G\u00f6nder\" aria-live=\"assertive\" value=\"wpforms-submit\">G\u00f6nder<\/button><img loading=\"lazy\" decoding=\"async\" src=\"https:\/\/spontanedigital.com.tr\/wp-content\/plugins\/wpforms-lite\/assets\/images\/submit-spin.svg\" class=\"wpforms-submit-spinner\" style=\"display: none;\" width=\"26\" height=\"26\" alt=\"Y\u00fckleniyor\"><\/div><\/form><\/div>  <!-- .wpforms-container -->","protected":false},"excerpt":{"rendered":"<p>\u0130leti\u015fim<\/p>\n","protected":false},"author":1,"featured_media":0,"parent":0,"menu_order":0,"comment_status":"closed","ping_status":"closed","template":"","meta":{"colormag_page_container_layout":"default_layout","colormag_page_sidebar_layout":"default_layout","footnotes":""},"class_list":["post-40","page","type-page","status-publish","hentry"],"magazineBlocksPostFeaturedMedia":{"thumbnail":false,"medium":false,"medium_large":false,"large":false,"1536x1536":false,"2048x2048":false,"ultp_layout_landscape_large":false,"ultp_layout_landscape":false,"ultp_layout_portrait":false,"ultp_layout_square":false,"colormag-highlighted-post":false,"colormag-featured-post-medium":false,"colormag-featured-post-small":false,"colormag-featured-image":false,"colormag-default-news":false,"colormag-featured-image-large":false},"magazineBlocksPostAuthor":{"name":"admin","avatar":"https:\/\/secure.gravatar.com\/avatar\/509c3012b51954e005898e320e8c1797bc56244a5644c8d25c49663a4e82b669?s=96&d=mm&r=g"},"magazineBlocksPostCommentsNumber":false,"magazineBlocksPostExcerpt":"\u0130leti\u015fim","magazineBlocksPostCategories":[],"magazineBlocksPostViewCount":0,"magazineBlocksPostReadTime":1,"yoast_head":"<!-- This site is optimized with the Yoast SEO plugin v27.5 - https:\/\/yoast.com\/product\/yoast-seo-wordpress\/ -->\n<title>\u0130leti\u015fim &#8211; Spontane Digital<\/title>\n<meta name=\"robots\" content=\"index, follow, max-snippet:-1, max-image-preview:large, max-video-preview:-1\" \/>\n<link rel=\"canonical\" href=\"https:\/\/spontanedigital.com.tr\/?page_id=40\" \/>\n<meta property=\"og:locale\" content=\"tr_TR\" \/>\n<meta property=\"og:type\" content=\"article\" \/>\n<meta property=\"og:title\" content=\"\u0130leti\u015fim &#8211; Spontane Digital\" \/>\n<meta property=\"og:description\" content=\"\u0130leti\u015fim\" \/>\n<meta property=\"og:url\" content=\"https:\/\/spontanedigital.com.tr\/?page_id=40\" \/>\n<meta property=\"og:site_name\" content=\"Spontane Digital\" \/>\n<meta property=\"article:modified_time\" content=\"2026-02-22T15:33:41+00:00\" \/>\n<meta name=\"twitter:card\" content=\"summary_large_image\" \/>\n<meta name=\"twitter:label1\" content=\"Tahmini okuma s\u00fcresi\" \/>\n\t<meta name=\"twitter:data1\" content=\"1 dakika\" \/>\n<script type=\"application\/ld+json\" class=\"yoast-schema-graph\">{\"@context\":\"https:\\\/\\\/schema.org\",\"@graph\":[{\"@type\":\"WebPage\",\"@id\":\"https:\\\/\\\/spontanedigital.com.tr\\\/?page_id=40\",\"url\":\"https:\\\/\\\/spontanedigital.com.tr\\\/?page_id=40\",\"name\":\"\u0130leti\u015fim &#8211; Spontane Digital\",\"isPartOf\":{\"@id\":\"https:\\\/\\\/spontanedigital.com.tr\\\/#website\"},\"datePublished\":\"2026-02-21T11:57:52+00:00\",\"dateModified\":\"2026-02-22T15:33:41+00:00\",\"breadcrumb\":{\"@id\":\"https:\\\/\\\/spontanedigital.com.tr\\\/?page_id=40#breadcrumb\"},\"inLanguage\":\"tr\",\"potentialAction\":[{\"@type\":\"ReadAction\",\"target\":[\"https:\\\/\\\/spontanedigital.com.tr\\\/?page_id=40\"]}]},{\"@type\":\"BreadcrumbList\",\"@id\":\"https:\\\/\\\/spontanedigital.com.tr\\\/?page_id=40#breadcrumb\",\"itemListElement\":[{\"@type\":\"ListItem\",\"position\":1,\"name\":\"Anasayfa\",\"item\":\"https:\\\/\\\/spontanedigital.com.tr\\\/\"},{\"@type\":\"ListItem\",\"position\":2,\"name\":\"\u0130leti\u015fim\"}]},{\"@type\":\"WebSite\",\"@id\":\"https:\\\/\\\/spontanedigital.com.tr\\\/#website\",\"url\":\"https:\\\/\\\/spontanedigital.com.tr\\\/\",\"name\":\"Spontane Digital\",\"description\":\"Dijitalde Spontanite\",\"publisher\":{\"@id\":\"https:\\\/\\\/spontanedigital.com.tr\\\/#organization\"},\"potentialAction\":[{\"@type\":\"SearchAction\",\"target\":{\"@type\":\"EntryPoint\",\"urlTemplate\":\"https:\\\/\\\/spontanedigital.com.tr\\\/?s={search_term_string}\"},\"query-input\":{\"@type\":\"PropertyValueSpecification\",\"valueRequired\":true,\"valueName\":\"search_term_string\"}}],\"inLanguage\":\"tr\"},{\"@type\":\"Organization\",\"@id\":\"https:\\\/\\\/spontanedigital.com.tr\\\/#organization\",\"name\":\"Spontane Digital\",\"url\":\"https:\\\/\\\/spontanedigital.com.tr\\\/\",\"logo\":{\"@type\":\"ImageObject\",\"inLanguage\":\"tr\",\"@id\":\"https:\\\/\\\/spontanedigital.com.tr\\\/#\\\/schema\\\/logo\\\/image\\\/\",\"url\":\"https:\\\/\\\/spontanedigital.com.tr\\\/wp-content\\\/uploads\\\/2026\\\/02\\\/Spontane-Beyaz-1.png\",\"contentUrl\":\"https:\\\/\\\/spontanedigital.com.tr\\\/wp-content\\\/uploads\\\/2026\\\/02\\\/Spontane-Beyaz-1.png\",\"width\":1772,\"height\":900,\"caption\":\"Spontane Digital\"},\"image\":{\"@id\":\"https:\\\/\\\/spontanedigital.com.tr\\\/#\\\/schema\\\/logo\\\/image\\\/\"}}]}<\/script>\n<!-- \/ Yoast SEO plugin. -->","yoast_head_json":{"title":"\u0130leti\u015fim &#8211; Spontane Digital","robots":{"index":"index","follow":"follow","max-snippet":"max-snippet:-1","max-image-preview":"max-image-preview:large","max-video-preview":"max-video-preview:-1"},"canonical":"https:\/\/spontanedigital.com.tr\/?page_id=40","og_locale":"tr_TR","og_type":"article","og_title":"\u0130leti\u015fim &#8211; Spontane Digital","og_description":"\u0130leti\u015fim","og_url":"https:\/\/spontanedigital.com.tr\/?page_id=40","og_site_name":"Spontane Digital","article_modified_time":"2026-02-22T15:33:41+00:00","twitter_card":"summary_large_image","twitter_misc":{"Tahmini okuma s\u00fcresi":"1 dakika"},"schema":{"@context":"https:\/\/schema.org","@graph":[{"@type":"WebPage","@id":"https:\/\/spontanedigital.com.tr\/?page_id=40","url":"https:\/\/spontanedigital.com.tr\/?page_id=40","name":"\u0130leti\u015fim &#8211; Spontane Digital","isPartOf":{"@id":"https:\/\/spontanedigital.com.tr\/#website"},"datePublished":"2026-02-21T11:57:52+00:00","dateModified":"2026-02-22T15:33:41+00:00","breadcrumb":{"@id":"https:\/\/spontanedigital.com.tr\/?page_id=40#breadcrumb"},"inLanguage":"tr","potentialAction":[{"@type":"ReadAction","target":["https:\/\/spontanedigital.com.tr\/?page_id=40"]}]},{"@type":"BreadcrumbList","@id":"https:\/\/spontanedigital.com.tr\/?page_id=40#breadcrumb","itemListElement":[{"@type":"ListItem","position":1,"name":"Anasayfa","item":"https:\/\/spontanedigital.com.tr\/"},{"@type":"ListItem","position":2,"name":"\u0130leti\u015fim"}]},{"@type":"WebSite","@id":"https:\/\/spontanedigital.com.tr\/#website","url":"https:\/\/spontanedigital.com.tr\/","name":"Spontane Digital","description":"Dijitalde Spontanite","publisher":{"@id":"https:\/\/spontanedigital.com.tr\/#organization"},"potentialAction":[{"@type":"SearchAction","target":{"@type":"EntryPoint","urlTemplate":"https:\/\/spontanedigital.com.tr\/?s={search_term_string}"},"query-input":{"@type":"PropertyValueSpecification","valueRequired":true,"valueName":"search_term_string"}}],"inLanguage":"tr"},{"@type":"Organization","@id":"https:\/\/spontanedigital.com.tr\/#organization","name":"Spontane Digital","url":"https:\/\/spontanedigital.com.tr\/","logo":{"@type":"ImageObject","inLanguage":"tr","@id":"https:\/\/spontanedigital.com.tr\/#\/schema\/logo\/image\/","url":"https:\/\/spontanedigital.com.tr\/wp-content\/uploads\/2026\/02\/Spontane-Beyaz-1.png","contentUrl":"https:\/\/spontanedigital.com.tr\/wp-content\/uploads\/2026\/02\/Spontane-Beyaz-1.png","width":1772,"height":900,"caption":"Spontane Digital"},"image":{"@id":"https:\/\/spontanedigital.com.tr\/#\/schema\/logo\/image\/"}}]}},"jetpack_sharing_enabled":true,"_links":{"self":[{"href":"https:\/\/spontanedigital.com.tr\/index.php?rest_route=\/wp\/v2\/pages\/40","targetHints":{"allow":["GET"]}}],"collection":[{"href":"https:\/\/spontanedigital.com.tr\/index.php?rest_route=\/wp\/v2\/pages"}],"about":[{"href":"https:\/\/spontanedigital.com.tr\/index.php?rest_route=\/wp\/v2\/types\/page"}],"author":[{"embeddable":true,"href":"https:\/\/spontanedigital.com.tr\/index.php?rest_route=\/wp\/v2\/users\/1"}],"replies":[{"embeddable":true,"href":"https:\/\/spontanedigital.com.tr\/index.php?rest_route=%2Fwp%2Fv2%2Fcomments&post=40"}],"version-history":[{"count":4,"href":"https:\/\/spontanedigital.com.tr\/index.php?rest_route=\/wp\/v2\/pages\/40\/revisions"}],"predecessor-version":[{"id":349,"href":"https:\/\/spontanedigital.com.tr\/index.php?rest_route=\/wp\/v2\/pages\/40\/revisions\/349"}],"wp:attachment":[{"href":"https:\/\/spontanedigital.com.tr\/index.php?rest_route=%2Fwp%2Fv2%2Fmedia&parent=40"}],"curies":[{"name":"wp","href":"https:\/\/api.w.org\/{rel}","templated":true}]}}